{"id":59,"date":"2025-07-16T17:45:51","date_gmt":"2025-07-16T17:45:51","guid":{"rendered":"https:\/\/nagaraflow.com\/?page_id=59"},"modified":"2025-07-17T18:38:26","modified_gmt":"2025-07-17T18:38:26","slug":"mission","status":"publish","type":"page","link":"https:\/\/nagaraflow.com\/?page_id=59","title":{"rendered":"Mission"},"content":{"rendered":"\n<p>NAGARA Flow unterst\u00fctzt Unternehmen dabei, ihre Ziele erfolgreich zu erreichen, um am Markt&nbsp; einen echten Vorsprung zum Mitbewerber aufzubauen.<\/p>\n\n\n\n<p>Dabei setzen wir auf bew\u00e4hrte Ans\u00e4tze aus BEX, Prozessmanagement, KAIZEN und Lean, inspiriert vom Toyota Production System.<br><br>Wir bef\u00e4higen Unternehmen, ihre Meilensteine mit klarem Fokus und hoher Geschwindigkeit zu erreichen \u2013 gemeinsam mit einem inspirierenden Team, das den Unterschied macht.<br><\/p>\n","protected":false},"excerpt":{"rendered":"<p>NAGARA Flow unterst\u00fctzt Unternehmen dabei, ihre Ziele erfolgreich zu erreichen, um am Markt&nbsp; einen echten Vorsprung zum Mitbewerber aufzubauen. Dabei setzen wir auf bew\u00e4hrte Ans\u00e4tze aus BEX, Prozessmanagement, KAIZEN und Lean, inspiriert vom Toyota Production System. Wir bef\u00e4higen Unternehmen, ihre Meilensteine mit klarem Fokus und hoher Geschwindigkeit zu erreichen \u2013 gemeinsam mit einem inspirierenden Team, [&hellip;]<\/p>\n","protected":false},"author":1,"featured_media":0,"parent":0,"menu_order":0,"comment_status":"closed","ping_status":"closed","template":"","meta":{"footnotes":""},"class_list":["post-59","page","type-page","status-publish","hentry"],"yoast_head":"<!-- This site is optimized with the Yoast SEO plugin v25.5 - https:\/\/yoast.com\/wordpress\/plugins\/seo\/ -->\n<title>Mission -<\/title>\n<meta name=\"robots\" content=\"index, follow, max-snippet:-1, max-image-preview:large, max-video-preview:-1\" \/>\n<link rel=\"canonical\" href=\"https:\/\/nagaraflow.com\/?page_id=59\" \/>\n<meta property=\"og:locale\" content=\"en_US\" \/>\n<meta property=\"og:type\" content=\"article\" \/>\n<meta property=\"og:title\" content=\"Mission -\" \/>\n<meta property=\"og:description\" content=\"NAGARA Flow unterst\u00fctzt Unternehmen dabei, ihre Ziele erfolgreich zu erreichen, um am Markt&nbsp; einen echten Vorsprung zum Mitbewerber aufzubauen. Dabei setzen wir auf bew\u00e4hrte Ans\u00e4tze aus BEX, Prozessmanagement, KAIZEN und Lean, inspiriert vom Toyota Production System. Wir bef\u00e4higen Unternehmen, ihre Meilensteine mit klarem Fokus und hoher Geschwindigkeit zu erreichen \u2013 gemeinsam mit einem inspirierenden Team, [&hellip;]\" \/>\n<meta property=\"og:url\" content=\"https:\/\/nagaraflow.com\/?page_id=59\" \/>\n<meta property=\"article:modified_time\" content=\"2025-07-17T18:38:26+00:00\" \/>\n<meta name=\"twitter:card\" content=\"summary_large_image\" \/>\n<meta name=\"twitter:label1\" content=\"Est. reading time\" \/>\n\t<meta name=\"twitter:data1\" content=\"1 minute\" \/>\n<script type=\"application\/ld+json\" class=\"yoast-schema-graph\">{\"@context\":\"https:\/\/schema.org\",\"@graph\":[{\"@type\":\"WebPage\",\"@id\":\"https:\/\/nagaraflow.com\/?page_id=59\",\"url\":\"https:\/\/nagaraflow.com\/?page_id=59\",\"name\":\"Mission -\",\"isPartOf\":{\"@id\":\"https:\/\/nagaraflow.com\/#website\"},\"datePublished\":\"2025-07-16T17:45:51+00:00\",\"dateModified\":\"2025-07-17T18:38:26+00:00\",\"breadcrumb\":{\"@id\":\"https:\/\/nagaraflow.com\/?page_id=59#breadcrumb\"},\"inLanguage\":\"en-US\",\"potentialAction\":[{\"@type\":\"ReadAction\",\"target\":[\"https:\/\/nagaraflow.com\/?page_id=59\"]}]},{\"@type\":\"BreadcrumbList\",\"@id\":\"https:\/\/nagaraflow.com\/?page_id=59#breadcrumb\",\"itemListElement\":[{\"@type\":\"ListItem\",\"position\":1,\"name\":\"Home\",\"item\":\"https:\/\/nagaraflow.com\/\"},{\"@type\":\"ListItem\",\"position\":2,\"name\":\"Mission\"}]},{\"@type\":\"WebSite\",\"@id\":\"https:\/\/nagaraflow.com\/#website\",\"url\":\"https:\/\/nagaraflow.com\/\",\"name\":\"\",\"description\":\"\",\"potentialAction\":[{\"@type\":\"SearchAction\",\"target\":{\"@type\":\"EntryPoint\",\"urlTemplate\":\"https:\/\/nagaraflow.com\/?s={search_term_string}\"},\"query-input\":{\"@type\":\"PropertyValueSpecification\",\"valueRequired\":true,\"valueName\":\"search_term_string\"}}],\"inLanguage\":\"en-US\"}]}<\/script>\n<!-- \/ Yoast SEO plugin. -->","yoast_head_json":{"title":"Mission -","robots":{"index":"index","follow":"follow","max-snippet":"max-snippet:-1","max-image-preview":"max-image-preview:large","max-video-preview":"max-video-preview:-1"},"canonical":"https:\/\/nagaraflow.com\/?page_id=59","og_locale":"en_US","og_type":"article","og_title":"Mission -","og_description":"NAGARA Flow unterst\u00fctzt Unternehmen dabei, ihre Ziele erfolgreich zu erreichen, um am Markt&nbsp; einen echten Vorsprung zum Mitbewerber aufzubauen. Dabei setzen wir auf bew\u00e4hrte Ans\u00e4tze aus BEX, Prozessmanagement, KAIZEN und Lean, inspiriert vom Toyota Production System. Wir bef\u00e4higen Unternehmen, ihre Meilensteine mit klarem Fokus und hoher Geschwindigkeit zu erreichen \u2013 gemeinsam mit einem inspirierenden Team, [&hellip;]","og_url":"https:\/\/nagaraflow.com\/?page_id=59","article_modified_time":"2025-07-17T18:38:26+00:00","twitter_card":"summary_large_image","twitter_misc":{"Est. reading time":"1 minute"},"schema":{"@context":"https:\/\/schema.org","@graph":[{"@type":"WebPage","@id":"https:\/\/nagaraflow.com\/?page_id=59","url":"https:\/\/nagaraflow.com\/?page_id=59","name":"Mission -","isPartOf":{"@id":"https:\/\/nagaraflow.com\/#website"},"datePublished":"2025-07-16T17:45:51+00:00","dateModified":"2025-07-17T18:38:26+00:00","breadcrumb":{"@id":"https:\/\/nagaraflow.com\/?page_id=59#breadcrumb"},"inLanguage":"en-US","potentialAction":[{"@type":"ReadAction","target":["https:\/\/nagaraflow.com\/?page_id=59"]}]},{"@type":"BreadcrumbList","@id":"https:\/\/nagaraflow.com\/?page_id=59#breadcrumb","itemListElement":[{"@type":"ListItem","position":1,"name":"Home","item":"https:\/\/nagaraflow.com\/"},{"@type":"ListItem","position":2,"name":"Mission"}]},{"@type":"WebSite","@id":"https:\/\/nagaraflow.com\/#website","url":"https:\/\/nagaraflow.com\/","name":"","description":"","potentialAction":[{"@type":"SearchAction","target":{"@type":"EntryPoint","urlTemplate":"https:\/\/nagaraflow.com\/?s={search_term_string}"},"query-input":{"@type":"PropertyValueSpecification","valueRequired":true,"valueName":"search_term_string"}}],"inLanguage":"en-US"}]}},"_links":{"self":[{"href":"https:\/\/nagaraflow.com\/index.php?rest_route=\/wp\/v2\/pages\/59","targetHints":{"allow":["GET"]}}],"collection":[{"href":"https:\/\/nagaraflow.com\/index.php?rest_route=\/wp\/v2\/pages"}],"about":[{"href":"https:\/\/nagaraflow.com\/index.php?rest_route=\/wp\/v2\/types\/page"}],"author":[{"embeddable":true,"href":"https:\/\/nagaraflow.com\/index.php?rest_route=\/wp\/v2\/users\/1"}],"replies":[{"embeddable":true,"href":"https:\/\/nagaraflow.com\/index.php?rest_route=%2Fwp%2Fv2%2Fcomments&post=59"}],"version-history":[{"count":3,"href":"https:\/\/nagaraflow.com\/index.php?rest_route=\/wp\/v2\/pages\/59\/revisions"}],"predecessor-version":[{"id":145,"href":"https:\/\/nagaraflow.com\/index.php?rest_route=\/wp\/v2\/pages\/59\/revisions\/145"}],"wp:attachment":[{"href":"https:\/\/nagaraflow.com\/index.php?rest_route=%2Fwp%2Fv2%2Fmedia&parent=59"}],"curies":[{"name":"wp","href":"https:\/\/api.w.org\/{rel}","templated":true}]}}