{"id":80,"date":"2025-07-16T21:00:53","date_gmt":"2025-07-16T21:00:53","guid":{"rendered":"https:\/\/nagaraflow.com\/?page_id=80"},"modified":"2025-07-17T22:15:29","modified_gmt":"2025-07-17T22:15:29","slug":"japan-lean-studienreise","status":"publish","type":"page","link":"https:\/\/nagaraflow.com\/?page_id=80","title":{"rendered":"Japan Lean Tour"},"content":{"rendered":"\n<p>Unsere <strong>Japan Lean Studienreisen<\/strong> finden in der Regel <strong>zweimal j\u00e4hrlich<\/strong> oder <strong>nach Bedarf<\/strong> statt.<br>Die Dauer betr\u00e4gt jeweils <strong>eine Woche<\/strong>.<\/p>\n\n\n\n<h2 class=\"wp-block-heading\"><strong>Individuelle Gruppenreisen<\/strong><\/h2>\n\n\n\n<p>Gerne organisieren wir f\u00fcr Gruppen auch eine speziell auf Ihre Bed\u00fcrfnisse zugeschnittene Reise mit individuellen inhaltlichen Schwerpunkten.<\/p>\n\n\n\n<h2 class=\"wp-block-heading\"><strong>N\u00e4chster Termin<\/strong><\/h2>\n\n\n\n<p>Die n\u00e4chste Japan Lean Studienreise findet vom <strong>30. November bis 6. Dezember 2025<\/strong> statt.<\/p>\n\n\n\n<h3 class=\"wp-block-heading\">Warum Sie an unserer Japan Lean Immersion Tour teilnehmen sollten<\/h3>\n\n\n\n<ul class=\"wp-block-list\">\n<li><strong>Lean an der Quelle erleben:<\/strong> Tauchen Sie ein in das Ursprungsland des Lean-Managements. Erleben Sie vor Ort, wie f\u00fchrende Unternehmen in Japan exzellente Prozesse entwickeln und nachhaltig verbessern \u2013 Tag f\u00fcr Tag.<\/li>\n<\/ul>\n\n\n\n<ul class=\"wp-block-list\">\n<li><strong>Mehr als nur Methoden:<\/strong> Unsere Touren gehen weit \u00fcber klassische Lean-Werkzeuge hinaus. Jede Station ist so ausgew\u00e4hlt, dass sie Ihre Sichtweise erweitert und Ihnen konkrete Ans\u00e4tze vermittelt, die Sie direkt auf Ihr Unternehmen \u00fcbertragen k\u00f6nnen.<\/li>\n<\/ul>\n\n\n\n<ul class=\"wp-block-list\">\n<li><strong>Lernen von erfahrenen Praktikern:<\/strong> Unsere Trainer und Begleiter sind international anerkannte Lean-Experten mit umfangreicher praktischer Erfahrung in der Umsetzung von Lean-Produktions- und Managementsystemen weltweit.<\/li>\n<\/ul>\n\n\n\n<ul class=\"wp-block-list\">\n<li><strong>Beschleunigen Sie Ihre Lean-Reise:<\/strong> Egal, ob Sie am Anfang stehen oder bereits seit Jahren Lean-Prinzipien umsetzen \u2013 diese Reise liefert Ihnen neue Impulse, praxisnahe L\u00f6sungen und Inspiration f\u00fcr den n\u00e4chsten Entwicklungsschritt.<\/li>\n<\/ul>\n\n\n\n<ul class=\"wp-block-list\">\n<li><strong>Vernetzen Sie sich international:<\/strong> Treffen Sie F\u00fchrungskr\u00e4fte und Lean-Praktiker aus verschiedenen Branchen und L\u00e4ndern. Der Austausch von Erfahrungen und Ideen schafft ein Netzwerk, das auch \u00fcber die Reise hinaus bestehen bleibt.<\/li>\n<\/ul>\n\n\n\n<ul class=\"wp-block-list\">\n<li><strong>Eine rundum besondere Erfahrung:<\/strong> Von der Organisation \u00fcber die fachliche Begleitung bis hin zur kulturellen Einbettung \u2013 wir k\u00fcmmern uns um alle Details, damit Sie sich ganz auf das Lernen und Erleben konzentrieren k\u00f6nnen.<\/li>\n<\/ul>\n\n\n\n<h3 class=\"wp-block-heading\"><strong> Immersion<\/strong> <strong>Japan<\/strong><\/h3>\n\n\n\n<p>Tauchen Sie ein in das Ursprungsland von LEAN und lernen Sie, wie diese Denkweise in verschiedensten Branchen und Unternehmen zum Leben erweckt wird. Dabei verw\u00f6hnen Sie Ihre Sinne und erleben die warme Gastfreundschaft der japanischen Kultur. &#8220;Lean Immersion&#8221; ist viel mehr als ein Seminar \u2013 es ist eine Erfahrung, die den eigenen Blickwinkel dauerhaft ver\u00e4ndert.<\/p>\n\n\n\n<h3 class=\"wp-block-heading\"><strong>Praktische Anwendung der Konzepte<\/strong><\/h3>\n\n\n\n<p>Erleben Sie operative und administrative Lean-Systeme live in der Praxis. Nehmen Sie an Lean-Aktivit\u00e4ten wie dem 7-Minuten-R\u00fcstwechsel teil und tauschen Sie sich mit den Lean-Leadern und F\u00fchrungskr\u00e4ften aus, die den Wandel aktiv gestalten. Lernen Sie aus ihren Erfahrungen, wie es gelingt, Denkweisen und Verhaltensmuster nachhaltig zu ver\u00e4ndern.<\/p>\n\n\n\n<h3 class=\"wp-block-heading\"><strong>Klar definierte Ergebnisse erzielen<\/strong><\/h3>\n\n\n\n<p>Erarbeiten Sie eine praxisnahe \u201eRoadmap\u201c f\u00fcr Ihre Unternehmenskultur, die Ihnen hilft, das n\u00e4chste Leistungsniveau zu erreichen. Dies gelingt durch den systematischen Aufbau von Menschen und F\u00fchrungskr\u00e4ften, die Steigerung von Produktivit\u00e4t und Kapazit\u00e4t, die Reduzierung von Betriebskosten sowie die Verbesserung der Kundenerfahrung.<\/p>\n\n\n\n<h2 class=\"wp-block-heading\">Die Japan Lean Touren finden in Kooperation mit MAKOTO-Flow statt<\/h2>\n\n\n\n<p>Die Expert:innen von <strong>Makoto Flow Ltd<\/strong> haben in den letzten 30 Jahren ihr einzigartiges Know-how sowie die Anwendung von Best Practices zur Optimierung kontinuierlich entwickelt und verfeinert.<\/p>\n\n\n\n<ul class=\"wp-block-list\">\n<li><strong>Fr\u00fchere Immersion-Touren umfassten unterschiedliche Programmschwerpunkte, Konzepte und Branchen wie:<\/strong><\/li>\n\n\n\n<li>Automobilindustrie<\/li>\n\n\n\n<li>Luftfahrt<\/li>\n\n\n\n<li>Finanz- und Shared Services<\/li>\n\n\n\n<li>Globale Lieferketten (Supply Chain)<\/li>\n\n\n\n<li>Gesundheitswesen<\/li>\n\n\n\n<li>Hotellerie und Resorts<\/li>\n\n\n\n<li>Innovation &amp; intelligente Technologien<\/li>\n\n\n\n<li>Logistik<\/li>\n\n\n\n<li>Pr\u00e4zisionsfertigung<\/li>\n\n\n\n<li>Dienstleistungssektor<\/li>\n\n\n\n<li>Schifffahrt &amp; Transport (zu Wasser, zu Land und in der Luft)<\/li>\n<\/ul>\n","protected":false},"excerpt":{"rendered":"<p>Unsere Japan Lean Studienreisen finden in der Regel zweimal j\u00e4hrlich oder nach Bedarf statt.Die Dauer betr\u00e4gt jeweils eine Woche. Individuelle Gruppenreisen Gerne organisieren wir f\u00fcr Gruppen auch eine speziell auf Ihre Bed\u00fcrfnisse zugeschnittene Reise mit individuellen inhaltlichen Schwerpunkten. N\u00e4chster Termin Die n\u00e4chste Japan Lean Studienreise findet vom 30. November bis 6. Dezember 2025 statt. Warum [&hellip;]<\/p>\n","protected":false},"author":1,"featured_media":96,"parent":0,"menu_order":0,"comment_status":"closed","ping_status":"closed","template":"","meta":{"footnotes":""},"class_list":["post-80","page","type-page","status-publish","has-post-thumbnail","hentry"],"yoast_head":"<!-- This site is optimized with the Yoast SEO plugin v25.5 - https:\/\/yoast.com\/wordpress\/plugins\/seo\/ -->\n<title>Japan Lean Tour -<\/title>\n<meta name=\"robots\" content=\"index, follow, max-snippet:-1, max-image-preview:large, max-video-preview:-1\" \/>\n<link rel=\"canonical\" href=\"https:\/\/nagaraflow.com\/?page_id=80\" \/>\n<meta property=\"og:locale\" content=\"en_US\" \/>\n<meta property=\"og:type\" content=\"article\" \/>\n<meta property=\"og:title\" content=\"Japan Lean Tour -\" \/>\n<meta property=\"og:description\" content=\"Unsere Japan Lean Studienreisen finden in der Regel zweimal j\u00e4hrlich oder nach Bedarf statt.Die Dauer betr\u00e4gt jeweils eine Woche. Individuelle Gruppenreisen Gerne organisieren wir f\u00fcr Gruppen auch eine speziell auf Ihre Bed\u00fcrfnisse zugeschnittene Reise mit individuellen inhaltlichen Schwerpunkten. N\u00e4chster Termin Die n\u00e4chste Japan Lean Studienreise findet vom 30. November bis 6. Dezember 2025 statt. Warum [&hellip;]\" \/>\n<meta property=\"og:url\" content=\"https:\/\/nagaraflow.com\/?page_id=80\" \/>\n<meta property=\"article:modified_time\" content=\"2025-07-17T22:15:29+00:00\" \/>\n<meta property=\"og:image\" content=\"https:\/\/nagaraflow.com\/wp-content\/uploads\/2025\/07\/1752747052868-775x1024.png\" \/>\n\t<meta property=\"og:image:width\" content=\"775\" \/>\n\t<meta property=\"og:image:height\" content=\"1024\" \/>\n\t<meta property=\"og:image:type\" content=\"image\/png\" \/>\n<meta name=\"twitter:card\" content=\"summary_large_image\" \/>\n<meta name=\"twitter:label1\" content=\"Est. reading time\" \/>\n\t<meta name=\"twitter:data1\" content=\"3 minutes\" \/>\n<script type=\"application\/ld+json\" class=\"yoast-schema-graph\">{\"@context\":\"https:\/\/schema.org\",\"@graph\":[{\"@type\":\"WebPage\",\"@id\":\"https:\/\/nagaraflow.com\/?page_id=80\",\"url\":\"https:\/\/nagaraflow.com\/?page_id=80\",\"name\":\"Japan Lean Tour -\",\"isPartOf\":{\"@id\":\"https:\/\/nagaraflow.com\/#website\"},\"primaryImageOfPage\":{\"@id\":\"https:\/\/nagaraflow.com\/?page_id=80#primaryimage\"},\"image\":{\"@id\":\"https:\/\/nagaraflow.com\/?page_id=80#primaryimage\"},\"thumbnailUrl\":\"https:\/\/nagaraflow.com\/wp-content\/uploads\/2025\/07\/1752747052868.png\",\"datePublished\":\"2025-07-16T21:00:53+00:00\",\"dateModified\":\"2025-07-17T22:15:29+00:00\",\"breadcrumb\":{\"@id\":\"https:\/\/nagaraflow.com\/?page_id=80#breadcrumb\"},\"inLanguage\":\"en-US\",\"potentialAction\":[{\"@type\":\"ReadAction\",\"target\":[\"https:\/\/nagaraflow.com\/?page_id=80\"]}]},{\"@type\":\"ImageObject\",\"inLanguage\":\"en-US\",\"@id\":\"https:\/\/nagaraflow.com\/?page_id=80#primaryimage\",\"url\":\"https:\/\/nagaraflow.com\/wp-content\/uploads\/2025\/07\/1752747052868.png\",\"contentUrl\":\"https:\/\/nagaraflow.com\/wp-content\/uploads\/2025\/07\/1752747052868.png\",\"width\":969,\"height\":1280},{\"@type\":\"BreadcrumbList\",\"@id\":\"https:\/\/nagaraflow.com\/?page_id=80#breadcrumb\",\"itemListElement\":[{\"@type\":\"ListItem\",\"position\":1,\"name\":\"Home\",\"item\":\"https:\/\/nagaraflow.com\/\"},{\"@type\":\"ListItem\",\"position\":2,\"name\":\"Japan Lean Tour\"}]},{\"@type\":\"WebSite\",\"@id\":\"https:\/\/nagaraflow.com\/#website\",\"url\":\"https:\/\/nagaraflow.com\/\",\"name\":\"\",\"description\":\"\",\"potentialAction\":[{\"@type\":\"SearchAction\",\"target\":{\"@type\":\"EntryPoint\",\"urlTemplate\":\"https:\/\/nagaraflow.com\/?s={search_term_string}\"},\"query-input\":{\"@type\":\"PropertyValueSpecification\",\"valueRequired\":true,\"valueName\":\"search_term_string\"}}],\"inLanguage\":\"en-US\"}]}<\/script>\n<!-- \/ Yoast SEO plugin. -->","yoast_head_json":{"title":"Japan Lean Tour -","robots":{"index":"index","follow":"follow","max-snippet":"max-snippet:-1","max-image-preview":"max-image-preview:large","max-video-preview":"max-video-preview:-1"},"canonical":"https:\/\/nagaraflow.com\/?page_id=80","og_locale":"en_US","og_type":"article","og_title":"Japan Lean Tour -","og_description":"Unsere Japan Lean Studienreisen finden in der Regel zweimal j\u00e4hrlich oder nach Bedarf statt.Die Dauer betr\u00e4gt jeweils eine Woche. Individuelle Gruppenreisen Gerne organisieren wir f\u00fcr Gruppen auch eine speziell auf Ihre Bed\u00fcrfnisse zugeschnittene Reise mit individuellen inhaltlichen Schwerpunkten. N\u00e4chster Termin Die n\u00e4chste Japan Lean Studienreise findet vom 30. November bis 6. Dezember 2025 statt. Warum [&hellip;]","og_url":"https:\/\/nagaraflow.com\/?page_id=80","article_modified_time":"2025-07-17T22:15:29+00:00","og_image":[{"width":775,"height":1024,"url":"https:\/\/nagaraflow.com\/wp-content\/uploads\/2025\/07\/1752747052868-775x1024.png","type":"image\/png"}],"twitter_card":"summary_large_image","twitter_misc":{"Est. reading time":"3 minutes"},"schema":{"@context":"https:\/\/schema.org","@graph":[{"@type":"WebPage","@id":"https:\/\/nagaraflow.com\/?page_id=80","url":"https:\/\/nagaraflow.com\/?page_id=80","name":"Japan Lean Tour -","isPartOf":{"@id":"https:\/\/nagaraflow.com\/#website"},"primaryImageOfPage":{"@id":"https:\/\/nagaraflow.com\/?page_id=80#primaryimage"},"image":{"@id":"https:\/\/nagaraflow.com\/?page_id=80#primaryimage"},"thumbnailUrl":"https:\/\/nagaraflow.com\/wp-content\/uploads\/2025\/07\/1752747052868.png","datePublished":"2025-07-16T21:00:53+00:00","dateModified":"2025-07-17T22:15:29+00:00","breadcrumb":{"@id":"https:\/\/nagaraflow.com\/?page_id=80#breadcrumb"},"inLanguage":"en-US","potentialAction":[{"@type":"ReadAction","target":["https:\/\/nagaraflow.com\/?page_id=80"]}]},{"@type":"ImageObject","inLanguage":"en-US","@id":"https:\/\/nagaraflow.com\/?page_id=80#primaryimage","url":"https:\/\/nagaraflow.com\/wp-content\/uploads\/2025\/07\/1752747052868.png","contentUrl":"https:\/\/nagaraflow.com\/wp-content\/uploads\/2025\/07\/1752747052868.png","width":969,"height":1280},{"@type":"BreadcrumbList","@id":"https:\/\/nagaraflow.com\/?page_id=80#breadcrumb","itemListElement":[{"@type":"ListItem","position":1,"name":"Home","item":"https:\/\/nagaraflow.com\/"},{"@type":"ListItem","position":2,"name":"Japan Lean Tour"}]},{"@type":"WebSite","@id":"https:\/\/nagaraflow.com\/#website","url":"https:\/\/nagaraflow.com\/","name":"","description":"","potentialAction":[{"@type":"SearchAction","target":{"@type":"EntryPoint","urlTemplate":"https:\/\/nagaraflow.com\/?s={search_term_string}"},"query-input":{"@type":"PropertyValueSpecification","valueRequired":true,"valueName":"search_term_string"}}],"inLanguage":"en-US"}]}},"_links":{"self":[{"href":"https:\/\/nagaraflow.com\/index.php?rest_route=\/wp\/v2\/pages\/80","targetHints":{"allow":["GET"]}}],"collection":[{"href":"https:\/\/nagaraflow.com\/index.php?rest_route=\/wp\/v2\/pages"}],"about":[{"href":"https:\/\/nagaraflow.com\/index.php?rest_route=\/wp\/v2\/types\/page"}],"author":[{"embeddable":true,"href":"https:\/\/nagaraflow.com\/index.php?rest_route=\/wp\/v2\/users\/1"}],"replies":[{"embeddable":true,"href":"https:\/\/nagaraflow.com\/index.php?rest_route=%2Fwp%2Fv2%2Fcomments&post=80"}],"version-history":[{"count":24,"href":"https:\/\/nagaraflow.com\/index.php?rest_route=\/wp\/v2\/pages\/80\/revisions"}],"predecessor-version":[{"id":159,"href":"https:\/\/nagaraflow.com\/index.php?rest_route=\/wp\/v2\/pages\/80\/revisions\/159"}],"wp:featuredmedia":[{"embeddable":true,"href":"https:\/\/nagaraflow.com\/index.php?rest_route=\/wp\/v2\/media\/96"}],"wp:attachment":[{"href":"https:\/\/nagaraflow.com\/index.php?rest_route=%2Fwp%2Fv2%2Fmedia&parent=80"}],"curies":[{"name":"wp","href":"https:\/\/api.w.org\/{rel}","templated":true}]}}